{"id":185,"date":"2015-06-23T14:46:17","date_gmt":"2015-06-23T14:46:17","guid":{"rendered":"http:\/\/themes.pixelwars.org\/empathy\/?page_id=185"},"modified":"2023-05-18T00:06:52","modified_gmt":"2023-05-18T06:06:52","slug":"home","status":"publish","type":"page","link":"https:\/\/egarciamt.me\/","title":{"rendered":"inicio"},"content":{"rendered":"<h4>Hola, mi nombre es<\/h4>\n<h2>Edgar Garc\u00eda<\/h2>\n<h4>Soy <strong id=\"typist-element\" data-typist=\"Scrum Fundamentals Certified.,Dise\u00f1ador Instruccional.,Adobe Certified Professional.,Desarrollador eLearning.,Dise\u00f1ador Gr\u00e1fico.,Administrador de Proyectos eLearning.\">Experto EXD (Elearning eXperience Design).<\/strong><\/h4>\n","protected":false},"excerpt":{"rendered":"<p>Hola, mi nombre es Edgar Garc\u00eda Soy<\/p>\n","protected":false},"author":1,"featured_media":0,"parent":0,"menu_order":0,"comment_status":"closed","ping_status":"closed","template":"template-homepage.php","meta":{"footnotes":""},"class_list":["post-185","page","type-page","status-publish","hentry"],"_links":{"self":[{"href":"https:\/\/egarciamt.me\/index.php\/wp-json\/wp\/v2\/pages\/185","targetHints":{"allow":["GET"]}}],"collection":[{"href":"https:\/\/egarciamt.me\/index.php\/wp-json\/wp\/v2\/pages"}],"about":[{"href":"https:\/\/egarciamt.me\/index.php\/wp-json\/wp\/v2\/types\/page"}],"author":[{"embeddable":true,"href":"https:\/\/egarciamt.me\/index.php\/wp-json\/wp\/v2\/users\/1"}],"replies":[{"embeddable":true,"href":"https:\/\/egarciamt.me\/index.php\/wp-json\/wp\/v2\/comments?post=185"}],"version-history":[{"count":11,"href":"https:\/\/egarciamt.me\/index.php\/wp-json\/wp\/v2\/pages\/185\/revisions"}],"predecessor-version":[{"id":610,"href":"https:\/\/egarciamt.me\/index.php\/wp-json\/wp\/v2\/pages\/185\/revisions\/610"}],"wp:attachment":[{"href":"https:\/\/egarciamt.me\/index.php\/wp-json\/wp\/v2\/media?parent=185"}],"curies":[{"name":"wp","href":"https:\/\/api.w.org\/{rel}","templated":true}]}}